{"id":113,"date":"2017-04-20T23:16:45","date_gmt":"2017-04-20T23:16:45","guid":{"rendered":"https:\/\/www.checkcashingplus.com\/?page_id=113"},"modified":"2017-07-13T18:28:58","modified_gmt":"2017-07-13T18:28:58","slug":"rewards","status":"publish","type":"page","link":"https:\/\/www.checkcashingplus.com\/es\/rewards","title":{"rendered":"Premios"},"content":{"rendered":"<!--PAGINA DE RECOMENZAS-->\r\n<div class=\"rewards-page\">\r\n<div class=\"row\">\r\n<div class=\"image-rewards text-center \"><img data-recalc-dims=\"1\" decoding=\"async\" src=\"https:\/\/i0.wp.com\/www.checkcashingplus.com\/wp-content\/themes\/checkcashingByVhectorGraphics\/assets\/img\/rewards-header.png?ssl=1\" alt=\"reward\" \/><\/div>\r\n<div class=\"row sectionformbox\">\r\n<div class=\"medium-6 large-6 columns\">\r\n<div class=\"email-suscribe\"><header>\r\n<div class=\"row\">\r\n<h3>Inscr\u00edbete Hoy<\/h3>\r\npara recibir ofertas especiales, recompensas y m\u00e1s!\r\n\r\n<\/div>\r\n<\/header><!-- Begin MailChimp Signup Form -->\r\n<div id=\"mc_embed_signup\"><form id=\"mc-embedded-subscribe-form\" class=\"validate\" action=\"\/\/checkcashingplus.us16.list-manage.com\/subscribe\/post?u=669f071f12469dfb31e3b568e&amp;id=4b1fc50e1c\" method=\"post\" name=\"mc-embedded-subscribe-form\" novalidate=\"\" target=\"_blank\">\r\n<div id=\"mc_embed_signup_scroll\">\r\n<div class=\"mc-field-group\"><input id=\"mce-FNAME\" class=\"\" name=\"FNAME\" type=\"text\" value=\"\" placeholder=\"Nombre\" \/><\/div>\r\n<div class=\"mc-field-group\"><input id=\"mce-EMAIL\" class=\"required email\" name=\"EMAIL\" required=\"\" type=\"email\" value=\"\" placeholder=\"Correo\" \/><\/div>\r\n<div class=\"mc-field-group size1of2\"><input id=\"mce-MMERGE2\" class=\"\" name=\"MMERGE2\" type=\"text\" value=\"\" placeholder=\"Tel\u00e9fono\" \/><\/div>\r\n<div id=\"mce-responses\" class=\"clear\"><\/div>\r\n<!-- real people should not fill this in and expect good things - do not remove this or risk form bot signups-->\r\n<div style=\"position: absolute; left: -5000px;\"><input tabindex=\"-1\" name=\"b_669f071f12469dfb31e3b568e_4b1fc50e1c\" type=\"text\" value=\"\" \/><\/div>\r\n<div class=\"align-center text-center\"><input id=\"mc-embedded-subscribe\" class=\"button large buttonsend expanded\" name=\"subscribe\" type=\"submit\" value=\"Enviar!\" \/><\/div>\r\n<\/div>\r\n<\/form><\/div>\r\n<script type='text\/javascript' src='\/\/s3.amazonaws.com\/downloads.mailchimp.com\/js\/mc-validate.js'><\/script><script type='text\/javascript'>(function($) {window.fnames = new Array(); window.ftypes = new Array();fnames[1]='FNAME';ftypes[1]='text';fnames[0]='EMAIL';ftypes[0]='email';fnames[2]='MMERGE2';ftypes[2]='phone';}(jQuery));var $mcj = jQuery.noConflict(true);<\/script>\r\n<!--End mc_embed_signup-->\r\n\r\n<\/div>\r\n<\/div>\r\n<div class=\"medium-6 large-6 columns\">\r\n<div class=\"email-suscribe\"><header>\r\n<div class=\"row\">\r\n<h3>Obtenga nuestros textos ahora!<\/h3>\r\nMant\u00e9ngase al tanto de nuestros premios y ofertas.\r\nSea el primero en enterarse!\r\n\r\n<\/div>\r\n<\/header>\r\n<div class=\"text-center suscribemobile\"><iframe loading=\"lazy\" src=\"https:\/\/www.slicktext.com\/widget\/?type=word&amp;style=widget&amp;w=550a8bc02109054ec76681ce553ada4f932204c4\" width=\"300\" height=\"230\" frameborder=\"0\" scrolling=\"no\">\r\n<\/iframe><\/div>\r\n<\/div>\r\n<\/div>\r\n<div class=\"medium-6 columns\">\r\n<div class=\"info-formulario\">\r\n<p class=\"text-center infor\">* Aplican Restricciones. Usted est\u00e1 optando por incluirse\r\nen nuestros boletines mensuales y ofertas.<\/p>\r\n\r\n<\/div>\r\n<\/div>\r\n<div class=\"medium-6 columns\"><\/div>\r\n<\/div>\r\n<div class=\"row\"><\/div>\r\n<div class=\"text-center\">\r\n<h3>GANE PREMIOS EN NUESTRAS LOCALIDADES<\/h3>\r\n&nbsp;\r\n<p class=\"text-10\">M\u00e1s especiales mensuales, cupones y ofertas; mientras m\u00e1s viene a nuestras tiendas, m\u00e1s premios gana! Apreciamos su lealtad a <strong>CHECK CASHING PLUS<\/strong> y queremos recompensarlo.<\/p>\r\n&nbsp;\r\n<p class=\"text-10\">Enl\u00edstese para recibir nuestros <strong>PREMIOS CHECK CASHING PLUS<\/strong>. Sus visitas cuentan para ganarse <strong>SERVICIOS GRATUITOS<\/strong>.<\/p>\r\n&nbsp;\r\n<p class=\"text-10\">Usted ser\u00e1 tambi\u00e9n el primero en enterarse de nuestras ofertas en nuestras oficinas, cupones, nuevos servicios y ofertas especiales de nuestros asociados.<\/p>\r\n\r\n<h4>USTED SE LO GAN\u00d3!<\/h4>\r\n<\/div>\r\n<\/div>\r\n<\/div>","protected":false},"excerpt":{"rendered":"Inscr\u00edbete Hoy para recibir ofertas especiales, recompensas y m\u00e1s! Obtenga nuestros textos ahora! Mant\u00e9ngase al tanto de nuestros premios y ofertas. Sea el primero en enterarse! * Aplican Restricciones. Usted est\u00e1 optando por incluirse en nuestros boletines mensuales y ofertas. GANE PREMIOS EN NUESTRAS LOCALIDADES &nbsp; M\u00e1s especiales mensuales, cupones y ofertas; mientras m\u00e1s viene &hellip; <p class=\"link-more\"><a href=\"https:\/\/www.checkcashingplus.com\/es\/rewards\" class=\"more-link\">Continue reading<span class=\"screen-reader-text\"> \u00abPremios\u00bb<\/span><\/a><\/p>","protected":false},"author":1,"featured_media":0,"parent":0,"menu_order":0,"comment_status":"closed","ping_status":"closed","template":"","meta":{"footnotes":""},"class_list":["post-113","page","type-page","status-publish","hentry"],"yoast_head":"<!-- This site is optimized with the Yoast SEO plugin v26.9 - https:\/\/yoast.com\/product\/yoast-seo-wordpress\/ -->\n<title>Premios - Check Cashing Plus<\/title>\n<meta name=\"robots\" content=\"index, follow, max-snippet:-1, max-image-preview:large, max-video-preview:-1\" \/>\n<link rel=\"canonical\" href=\"https:\/\/www.checkcashingplus.com\/es\/rewards\" \/>\n<meta property=\"og:locale\" content=\"es_ES\" \/>\n<meta property=\"og:type\" content=\"article\" \/>\n<meta property=\"og:title\" content=\"Premios - Check Cashing Plus\" \/>\n<meta property=\"og:description\" content=\"Inscr\u00edbete Hoy para recibir ofertas especiales, recompensas y m\u00e1s! Obtenga nuestros textos ahora! Mant\u00e9ngase al tanto de nuestros premios y ofertas. Sea el primero en enterarse! * Aplican Restricciones. Usted est\u00e1 optando por incluirse en nuestros boletines mensuales y ofertas. GANE PREMIOS EN NUESTRAS LOCALIDADES &nbsp; M\u00e1s especiales mensuales, cupones y ofertas; mientras m\u00e1s viene &hellip; Continue reading &quot;Premios&quot;\" \/>\n<meta property=\"og:url\" content=\"https:\/\/www.checkcashingplus.com\/es\/rewards\" \/>\n<meta property=\"og:site_name\" content=\"Check Cashing Plus\" \/>\n<meta property=\"article:modified_time\" content=\"2017-07-13T18:28:58+00:00\" \/>\n<meta name=\"twitter:card\" content=\"summary_large_image\" \/>\n<meta name=\"twitter:label1\" content=\"Tiempo de lectura\" \/>\n\t<meta name=\"twitter:data1\" content=\"1 minuto\" \/>\n<script type=\"application\/ld+json\" class=\"yoast-schema-graph\">{\"@context\":\"https:\/\/schema.org\",\"@graph\":[{\"@type\":\"WebPage\",\"@id\":\"https:\/\/www.checkcashingplus.com\/es\/rewards\",\"url\":\"https:\/\/www.checkcashingplus.com\/es\/rewards\",\"name\":\"Premios - Check Cashing Plus\",\"isPartOf\":{\"@id\":\"https:\/\/www.checkcashingplus.com\/#website\"},\"datePublished\":\"2017-04-20T23:16:45+00:00\",\"dateModified\":\"2017-07-13T18:28:58+00:00\",\"breadcrumb\":{\"@id\":\"https:\/\/www.checkcashingplus.com\/es\/rewards#breadcrumb\"},\"inLanguage\":\"es\",\"potentialAction\":[{\"@type\":\"ReadAction\",\"target\":[\"https:\/\/www.checkcashingplus.com\/es\/rewards\"]}]},{\"@type\":\"BreadcrumbList\",\"@id\":\"https:\/\/www.checkcashingplus.com\/es\/rewards#breadcrumb\",\"itemListElement\":[{\"@type\":\"ListItem\",\"position\":1,\"name\":\"Home\",\"item\":\"https:\/\/www.checkcashingplus.com\/\"},{\"@type\":\"ListItem\",\"position\":2,\"name\":\"Premios\"}]},{\"@type\":\"WebSite\",\"@id\":\"https:\/\/www.checkcashingplus.com\/#website\",\"url\":\"https:\/\/www.checkcashingplus.com\/\",\"name\":\"Check Cashing Plus\",\"description\":\"Western Union - Money Orders - Carga\",\"potentialAction\":[{\"@type\":\"SearchAction\",\"target\":{\"@type\":\"EntryPoint\",\"urlTemplate\":\"https:\/\/www.checkcashingplus.com\/?s={search_term_string}\"},\"query-input\":{\"@type\":\"PropertyValueSpecification\",\"valueRequired\":true,\"valueName\":\"search_term_string\"}}],\"inLanguage\":\"es\"}]}<\/script>\n<!-- \/ Yoast SEO plugin. -->","yoast_head_json":{"title":"Premios - Check Cashing Plus","robots":{"index":"index","follow":"follow","max-snippet":"max-snippet:-1","max-image-preview":"max-image-preview:large","max-video-preview":"max-video-preview:-1"},"canonical":"https:\/\/www.checkcashingplus.com\/es\/rewards","og_locale":"es_ES","og_type":"article","og_title":"Premios - Check Cashing Plus","og_description":"Inscr\u00edbete Hoy para recibir ofertas especiales, recompensas y m\u00e1s! Obtenga nuestros textos ahora! Mant\u00e9ngase al tanto de nuestros premios y ofertas. Sea el primero en enterarse! * Aplican Restricciones. Usted est\u00e1 optando por incluirse en nuestros boletines mensuales y ofertas. GANE PREMIOS EN NUESTRAS LOCALIDADES &nbsp; M\u00e1s especiales mensuales, cupones y ofertas; mientras m\u00e1s viene &hellip; Continue reading \"Premios\"","og_url":"https:\/\/www.checkcashingplus.com\/es\/rewards","og_site_name":"Check Cashing Plus","article_modified_time":"2017-07-13T18:28:58+00:00","twitter_card":"summary_large_image","twitter_misc":{"Tiempo de lectura":"1 minuto"},"schema":{"@context":"https:\/\/schema.org","@graph":[{"@type":"WebPage","@id":"https:\/\/www.checkcashingplus.com\/es\/rewards","url":"https:\/\/www.checkcashingplus.com\/es\/rewards","name":"Premios - Check Cashing Plus","isPartOf":{"@id":"https:\/\/www.checkcashingplus.com\/#website"},"datePublished":"2017-04-20T23:16:45+00:00","dateModified":"2017-07-13T18:28:58+00:00","breadcrumb":{"@id":"https:\/\/www.checkcashingplus.com\/es\/rewards#breadcrumb"},"inLanguage":"es","potentialAction":[{"@type":"ReadAction","target":["https:\/\/www.checkcashingplus.com\/es\/rewards"]}]},{"@type":"BreadcrumbList","@id":"https:\/\/www.checkcashingplus.com\/es\/rewards#breadcrumb","itemListElement":[{"@type":"ListItem","position":1,"name":"Home","item":"https:\/\/www.checkcashingplus.com\/"},{"@type":"ListItem","position":2,"name":"Premios"}]},{"@type":"WebSite","@id":"https:\/\/www.checkcashingplus.com\/#website","url":"https:\/\/www.checkcashingplus.com\/","name":"Check Cashing Plus","description":"Western Union - Money Orders - Carga","potentialAction":[{"@type":"SearchAction","target":{"@type":"EntryPoint","urlTemplate":"https:\/\/www.checkcashingplus.com\/?s={search_term_string}"},"query-input":{"@type":"PropertyValueSpecification","valueRequired":true,"valueName":"search_term_string"}}],"inLanguage":"es"}]}},"jetpack_sharing_enabled":true,"jetpack_shortlink":"https:\/\/wp.me\/P8A7Ls-1P","_links":{"self":[{"href":"https:\/\/www.checkcashingplus.com\/es\/wp-json\/wp\/v2\/pages\/113","targetHints":{"allow":["GET"]}}],"collection":[{"href":"https:\/\/www.checkcashingplus.com\/es\/wp-json\/wp\/v2\/pages"}],"about":[{"href":"https:\/\/www.checkcashingplus.com\/es\/wp-json\/wp\/v2\/types\/page"}],"author":[{"embeddable":true,"href":"https:\/\/www.checkcashingplus.com\/es\/wp-json\/wp\/v2\/users\/1"}],"replies":[{"embeddable":true,"href":"https:\/\/www.checkcashingplus.com\/es\/wp-json\/wp\/v2\/comments?post=113"}],"version-history":[{"count":0,"href":"https:\/\/www.checkcashingplus.com\/es\/wp-json\/wp\/v2\/pages\/113\/revisions"}],"wp:attachment":[{"href":"https:\/\/www.checkcashingplus.com\/es\/wp-json\/wp\/v2\/media?parent=113"}],"curies":[{"name":"wp","href":"https:\/\/api.w.org\/{rel}","templated":true}]}}