{"id":43,"date":"2017-04-10T15:06:24","date_gmt":"2017-04-10T15:06:24","guid":{"rendered":"https:\/\/www.checkcashingplus.com\/?page_id=43"},"modified":"2017-07-13T18:34:56","modified_gmt":"2017-07-13T18:34:56","slug":"services","status":"publish","type":"page","link":"https:\/\/www.checkcashingplus.com\/es\/services","title":{"rendered":"Servicios"},"content":{"rendered":"<!--PAGINA DE SERVICIOS -->\r\n<div class=\"seccion-servicios\"><section class=\"info-services\">\r\n<div class=\"row column text-center\">\r\n<h2>SERVICIOS CHECK CASHING<\/h2>\r\n<\/div>\r\n<div class=\"large-offset-6 large-6 column columna-linea\"><div class=\"linea-services\"><\/div><\/div>\r\n<div class=\"introMan row\">\r\n<div class=\"large-6 column\">\r\n<h3>F\u00e1cil y R\u00e1pido<\/h3>\r\n<h4>CAMBIAMOS CHEQUES DE TODA CANTIDAD DE DINERO.<\/h4>\r\n<ul>\r\n \t<li>N\u00f3mina<\/li>\r\n \t<li>Seguro Social<\/li>\r\n \t<li>SSI<\/li>\r\n \t<li>Beneficios de veteranos<\/li>\r\n \t<li>Beneficios de desempleo<\/li>\r\n \t<li>Reembolsos de impuestos<\/li>\r\n \t<li>Giros postales y m\u00e1s<\/li>\r\n<\/ul>\r\n<br>\r\n<p class=\"text-10\">Y si no tiene cuenta bancaria o no quiere esperar a que su cheque se haga efectivo en el banco, venga hoy y uno de nuestros representantes amablemente le ayudar\u00e1.<\/p>\r\n\r\n<\/div>\r\n<div class=\"large-6 column\">\r\n<div class=\"man-image\"><img data-recalc-dims=\"1\" decoding=\"async\" class=\"animateme scrollme\" style=\"opacity: 1;\" src=\"https:\/\/i0.wp.com\/www.checkcashingplus.com\/wp-content\/themes\/checkcashingByVhectorGraphics\/assets\/img\/man-services.png?ssl=1\" alt=\"Man services\" data-when=\"view\" data-from=\"0\" data-to=\"0.75\" data-opacity=\"1\" data-translatex=\"-100\" data-easing=\"linear\" \/><\/div>\r\n<\/div>\r\n<\/div>\r\n<\/section>&nbsp;\r\n\r\n<section class=\"services1 services\">\r\n<div class=\"row\">\r\n<h2>Check Cashing Plus cambia los siguientes tipos de cheques:<\/h2>\r\n<ul>\r\n \t<li>Cheques de N\u00f3mina<\/li>\r\n \t<li>Cheques de Gobierno y Beneficios<\/li>\r\n \t<li>Cheques de seguro<\/li>\r\n \t<li>Cheques de Devoluci\u00f3n de impuestos<\/li>\r\n \t<li>Cheques de Pr\u00e9stamos (RAL)<\/li>\r\n \t<li>Cheques de Reembolso<\/li>\r\n<\/ul>\r\n<\/div>\r\n<\/section>&nbsp;\r\n\r\n<section class=\"services2 services\">\r\n<div class=\"row\">\r\n<h2>Transferencias de dinero por Western Union<\/h2>\r\n<h3>ENV\u00cdA  DINERO DE LA MANERA M\u00c1S SEGURA A CUALQUIER PERSONA O NEGOCIO.<\/h3>\r\n<p class=\"text-10\">Env\u00eda dinero a cualquier persona o negocio en todo el mundo, con seguridad y al instante. Nosotros transferiremos tu dinero de inmediato y el destinatario lo puede recoger en efectivo o tambi\u00e9n puede transferirlo a una cuenta bancaria.  Le ayudaremos a enviar el dinero d\u00f3nde se necesite de forma r\u00e1pida, confiable y segura.<\/p>\r\n\r\n<\/div>\r\n<\/section>&nbsp;\r\n\r\n<section class=\"services3 services\">\r\n<div class=\"row\">\r\n<h2>Money Orders<\/h2>\r\n<h3>LA MANERA M\u00c1S SEGURA DE GARANTIZAR SUS PAGOS.<\/h3>\r\n<p class=\"text-10\"> Los Money Orders ofrecen la flexibilidad y la comodidad de un cheque, sin necesidad de una cuenta Bancaria. Est\u00e1n disponibles en la cantidad exacta que se necesite para ayudar a hacer la gesti\u00f3n del dinero m\u00e1s f\u00e1cil.\r\nPuedes pagar facturas o la renta con la tranquilidad y seguridad que se espera;  sabiendo que el dinero estar\u00e1 garantizado y que los puedes enviar por correo si as\u00ed lo desea. Tu recibo significa que tu pago es rastreable y reemplazable si se pierde o es robado.\r\n<\/p>\r\n\t\r\n\r\n<\/div>\r\n<\/section>&nbsp;\r\n\r\n<section class=\"services4 services\">\r\n<div class=\"row\">\r\n<h2>Pagos y Facturas<\/h2>\r\n<h3>\u00a1NO M\u00c1S PROBLEMAS! \u00a1PAGA A TIEMPO!<\/h3>\r\n<p class=\"text-10\">Paga tus servicios, tarjetas de cr\u00e9dito, primas de seguros, cuotas de pr\u00e9stamo, cable e Internet, tel\u00e9fono y m\u00e1s. S\u00f3lo trae tu \u00faltima factura. \u00a1No dejes de pagar tus cuentas a tiempo!\r\n Check Cashing Plus tiene relaciones con cientos de empresas financieras y puede obtener la acreditaci\u00f3n de las cuenta en instantes. Simplemente con tu \u00faltima factura.\r\n<\/p>\r\n\r\n<\/div>\r\n<\/section>&nbsp;\r\n\r\n<section class=\"services5 services\">\r\n<div class=\"row\">\r\n<h2>Tel\u00e9fonos Celulares y Recarga<\/h2>\r\n<p class=\"text-10\">Tenemos tel\u00e9fonos que puedes usar local e Internacionalmente.<\/p> \r\n<p class=\"text-10\">Tambi\u00e9n podemos recargar tu tel\u00e9fono, los de tu familia y amigos.<\/p>\r\n\t<ul>\r\n\t<li>TEL\u00c9FONOS<\/li>\r\n    <li>ACCESORIOS<\/li>\r\n    <li>SERVICIOS<\/li>\r\n    <li>Y M\u00c1S!<\/li>\r\n  <\/ul>\r\n<\/div>\r\n<\/section>&nbsp;\r\n\r\n<section class=\"services6 services\">\r\n<div class=\"row\">\r\n<h2>Tarjetas prepagadas<\/h2>\r\n<h3>CON EL PODER EN TUS MANOS.<\/h3>\r\n<p class=\"text-10\">Vendemos tarjetas d\u00e9bito MasterCard\u00ae y Visa\u00ae. Recarga con efectivo la tarjeta con la cantidad de dinero que desees  y luego la podr\u00e1s usar en d\u00f3nde quieras. No es una tarjeta de cr\u00e9dito pero tiene la comodidad de \u00e9sta y no tienes que preocuparte con la deuda. Nuestras tarjetas de d\u00e9bito pre pagadas proporcionan una manera de mantener tu dinero seguro en un solo lugar, con el poder de comprar lo que necesites, en l\u00ednea o en las tiendas. <\/p>\r\n\r\n<\/div>\r\n<\/section><a id=\"ATM\"><\/a>\r\n<a id=\"Cash-for-Gift-Card\"><\/a>\r\n\r\n<section class=\"services7 services\">\r\n<div class=\"row\">\r\n<div class=\"large-6 column\">\r\n<h2>ATM<\/h2>\r\n<h3>UTILIZA TU TARJETA  D\u00c9BITO  O CR\u00c9DITO<\/h3>\r\n<p class=\"text-10\">Accede a tu dinero en efectivo de forma r\u00e1pida y sencilla <br>en los cajeros autom\u00e1ticos (ATM)<\/p>\r\n\r\n<\/div>\r\n<div class=\"large-6 column\">\r\n<h2>Te damos efectivo por tu tarjeta de regalo<\/h2>\r\n<h3>PAGO INMEDIATO<\/h3>\r\n<p class=\"text-10\">Te compramos la tarjeta de regalo que quieras y te damos el dinero de inmediato. Aceptamos tarjetas de regalo de m\u00e1s de 100 establecimientos comerciales, incluyendo minoristas, restaurantes, lugares de entretenimiento y muchos m\u00e1s.<\/p>\r\n\r\n<\/div>\r\n<\/div>\r\n<\/section>&nbsp;\r\n\r\n<section class=\"services8 services\">\r\n<div class=\"row\">\r\n<h2>Fotos de pasaporte<\/h2>\r\n<h3>En segundos tendr\u00e1s tus fotos para pasaporte, identificaci\u00f3n o para cualquier otro uso. \u00bfViajas al extranjero? \u00bfNecesitas renovar tu pasaporte?\r\n<\/h3>\r\n<p class=\"text-10\">\u00bfSab\u00edas que muchos pa\u00edses requieren que los pasaportes sean v\u00e1lidos por lo menos seis meses m\u00e1s all\u00e1 de las fechas de viaje? Funcionarios del Departamento de Estado esperan m\u00e1s de 17 millones de pasaportes nuevos y renovaciones de pasaportes en 2016 y 2017, alrededor de $1.5 millones m\u00e1s que en 2015. Te esperamos para que te tomes tu foto de pasaporte. Nuestras fotos cumplen con todos los requisitos para pasaportes Estadounidenses y estas fotograf\u00edas tambi\u00e9n se usan en identificaciones de trabajos, gimnasios y muchos m\u00e1s lugares.<\/p>\r\n\r\n<\/div>\r\n<\/section>&nbsp;\r\n\r\n<section class=\"services9 services\">\r\n<div class=\"row\">\r\n<h2>Servicio de Internet<\/h2>\r\n<h3>Estaci\u00f3n de trabajo para alquiler de computadoras<\/h3>\r\n<p class=\"text-10\">Si est\u00e1s fuera de casa, pero necesitas un lugar conveniente para:<\/p>\r\n\r\n<ul>\r\n \t<li>Escanear documentos o fotos<\/li>\r\n \t<li>Revisar un archivo electr\u00f3nico de negocios<\/li>\r\n \t<li>Actualizar e imprimir su curr\u00edculum<\/li>\r\n \t<li>Consultar su correo electr\u00f3nico<\/li>\r\n<\/ul>\r\n<br>\r\n<p class=\"text-10\">Estamos aqu\u00ed para ayudar en las estaciones de trabajo de acceso a computadoras.<\/p>\r\n\r\n<\/div>\r\n<\/section>&nbsp;\r\n\r\n<section class=\"services10 services\">\r\n<div class=\"row\">\r\n<h2>Otro servicios (Oficina)<\/h2>\r\n<h3>Ofrecemos traducciones, asistencia en aplicaciones de inmigraci\u00f3n, Notario P\u00fablico y mucho m\u00e1s.<\/h3>\r\n<p class=\"text-10\">Notario p\u00fablico \u2022 Pases de Buses de NJ \u2022Tarjetas Telef\u00f3nicas \u2022 Servicios de Copias y Fax \u2022 Sobres y Estampillas \u2022 Transferencias de Dinero Vigo<\/p>\r\n\r\n<\/div>\r\n<\/section>\r\n<div class=\"row\"><\/div>\r\n<\/div>","protected":false},"excerpt":{"rendered":"SERVICIOS CHECK CASHING F\u00e1cil y R\u00e1pido CAMBIAMOS CHEQUES DE TODA CANTIDAD DE DINERO. N\u00f3mina Seguro Social SSI Beneficios de veteranos Beneficios de desempleo Reembolsos de impuestos Giros postales y m\u00e1s Y si no tiene cuenta bancaria o no quiere esperar a que su cheque se haga efectivo en el banco, venga hoy y uno de &hellip; <p class=\"link-more\"><a href=\"https:\/\/www.checkcashingplus.com\/es\/services\" class=\"more-link\">Continue reading<span class=\"screen-reader-text\"> \u00abServicios\u00bb<\/span><\/a><\/p>","protected":false},"author":1,"featured_media":0,"parent":0,"menu_order":0,"comment_status":"closed","ping_status":"closed","template":"","meta":{"footnotes":""},"class_list":["post-43","page","type-page","status-publish","hentry"],"yoast_head":"<!-- This site is optimized with the Yoast SEO plugin v26.9 - https:\/\/yoast.com\/product\/yoast-seo-wordpress\/ -->\n<title>Servicios - Check Cashing Plus<\/title>\n<meta name=\"robots\" content=\"index, follow, max-snippet:-1, max-image-preview:large, max-video-preview:-1\" \/>\n<link rel=\"canonical\" href=\"https:\/\/www.checkcashingplus.com\/es\/services\" \/>\n<meta property=\"og:locale\" content=\"es_ES\" \/>\n<meta property=\"og:type\" content=\"article\" \/>\n<meta property=\"og:title\" content=\"Servicios - Check Cashing Plus\" \/>\n<meta property=\"og:description\" content=\"SERVICIOS CHECK CASHING F\u00e1cil y R\u00e1pido CAMBIAMOS CHEQUES DE TODA CANTIDAD DE DINERO. N\u00f3mina Seguro Social SSI Beneficios de veteranos Beneficios de desempleo Reembolsos de impuestos Giros postales y m\u00e1s Y si no tiene cuenta bancaria o no quiere esperar a que su cheque se haga efectivo en el banco, venga hoy y uno de &hellip; Continue reading &quot;Servicios&quot;\" \/>\n<meta property=\"og:url\" content=\"https:\/\/www.checkcashingplus.com\/es\/services\" \/>\n<meta property=\"og:site_name\" content=\"Check Cashing Plus\" \/>\n<meta property=\"article:modified_time\" content=\"2017-07-13T18:34:56+00:00\" \/>\n<meta name=\"twitter:card\" content=\"summary_large_image\" \/>\n<meta name=\"twitter:label1\" content=\"Tiempo de lectura\" \/>\n\t<meta name=\"twitter:data1\" content=\"7 minutos\" \/>\n<script type=\"application\/ld+json\" class=\"yoast-schema-graph\">{\"@context\":\"https:\/\/schema.org\",\"@graph\":[{\"@type\":\"WebPage\",\"@id\":\"https:\/\/www.checkcashingplus.com\/es\/services\",\"url\":\"https:\/\/www.checkcashingplus.com\/es\/services\",\"name\":\"Servicios - Check Cashing Plus\",\"isPartOf\":{\"@id\":\"https:\/\/www.checkcashingplus.com\/#website\"},\"datePublished\":\"2017-04-10T15:06:24+00:00\",\"dateModified\":\"2017-07-13T18:34:56+00:00\",\"breadcrumb\":{\"@id\":\"https:\/\/www.checkcashingplus.com\/es\/services#breadcrumb\"},\"inLanguage\":\"es\",\"potentialAction\":[{\"@type\":\"ReadAction\",\"target\":[\"https:\/\/www.checkcashingplus.com\/es\/services\"]}]},{\"@type\":\"BreadcrumbList\",\"@id\":\"https:\/\/www.checkcashingplus.com\/es\/services#breadcrumb\",\"itemListElement\":[{\"@type\":\"ListItem\",\"position\":1,\"name\":\"Home\",\"item\":\"https:\/\/www.checkcashingplus.com\/\"},{\"@type\":\"ListItem\",\"position\":2,\"name\":\"Servicios\"}]},{\"@type\":\"WebSite\",\"@id\":\"https:\/\/www.checkcashingplus.com\/#website\",\"url\":\"https:\/\/www.checkcashingplus.com\/\",\"name\":\"Check Cashing Plus\",\"description\":\"Western Union - Money Orders - Carga\",\"potentialAction\":[{\"@type\":\"SearchAction\",\"target\":{\"@type\":\"EntryPoint\",\"urlTemplate\":\"https:\/\/www.checkcashingplus.com\/?s={search_term_string}\"},\"query-input\":{\"@type\":\"PropertyValueSpecification\",\"valueRequired\":true,\"valueName\":\"search_term_string\"}}],\"inLanguage\":\"es\"}]}<\/script>\n<!-- \/ Yoast SEO plugin. -->","yoast_head_json":{"title":"Servicios - Check Cashing Plus","robots":{"index":"index","follow":"follow","max-snippet":"max-snippet:-1","max-image-preview":"max-image-preview:large","max-video-preview":"max-video-preview:-1"},"canonical":"https:\/\/www.checkcashingplus.com\/es\/services","og_locale":"es_ES","og_type":"article","og_title":"Servicios - Check Cashing Plus","og_description":"SERVICIOS CHECK CASHING F\u00e1cil y R\u00e1pido CAMBIAMOS CHEQUES DE TODA CANTIDAD DE DINERO. N\u00f3mina Seguro Social SSI Beneficios de veteranos Beneficios de desempleo Reembolsos de impuestos Giros postales y m\u00e1s Y si no tiene cuenta bancaria o no quiere esperar a que su cheque se haga efectivo en el banco, venga hoy y uno de &hellip; Continue reading \"Servicios\"","og_url":"https:\/\/www.checkcashingplus.com\/es\/services","og_site_name":"Check Cashing Plus","article_modified_time":"2017-07-13T18:34:56+00:00","twitter_card":"summary_large_image","twitter_misc":{"Tiempo de lectura":"7 minutos"},"schema":{"@context":"https:\/\/schema.org","@graph":[{"@type":"WebPage","@id":"https:\/\/www.checkcashingplus.com\/es\/services","url":"https:\/\/www.checkcashingplus.com\/es\/services","name":"Servicios - Check Cashing Plus","isPartOf":{"@id":"https:\/\/www.checkcashingplus.com\/#website"},"datePublished":"2017-04-10T15:06:24+00:00","dateModified":"2017-07-13T18:34:56+00:00","breadcrumb":{"@id":"https:\/\/www.checkcashingplus.com\/es\/services#breadcrumb"},"inLanguage":"es","potentialAction":[{"@type":"ReadAction","target":["https:\/\/www.checkcashingplus.com\/es\/services"]}]},{"@type":"BreadcrumbList","@id":"https:\/\/www.checkcashingplus.com\/es\/services#breadcrumb","itemListElement":[{"@type":"ListItem","position":1,"name":"Home","item":"https:\/\/www.checkcashingplus.com\/"},{"@type":"ListItem","position":2,"name":"Servicios"}]},{"@type":"WebSite","@id":"https:\/\/www.checkcashingplus.com\/#website","url":"https:\/\/www.checkcashingplus.com\/","name":"Check Cashing Plus","description":"Western Union - Money Orders - Carga","potentialAction":[{"@type":"SearchAction","target":{"@type":"EntryPoint","urlTemplate":"https:\/\/www.checkcashingplus.com\/?s={search_term_string}"},"query-input":{"@type":"PropertyValueSpecification","valueRequired":true,"valueName":"search_term_string"}}],"inLanguage":"es"}]}},"jetpack_sharing_enabled":true,"jetpack_shortlink":"https:\/\/wp.me\/P8A7Ls-H","_links":{"self":[{"href":"https:\/\/www.checkcashingplus.com\/es\/wp-json\/wp\/v2\/pages\/43","targetHints":{"allow":["GET"]}}],"collection":[{"href":"https:\/\/www.checkcashingplus.com\/es\/wp-json\/wp\/v2\/pages"}],"about":[{"href":"https:\/\/www.checkcashingplus.com\/es\/wp-json\/wp\/v2\/types\/page"}],"author":[{"embeddable":true,"href":"https:\/\/www.checkcashingplus.com\/es\/wp-json\/wp\/v2\/users\/1"}],"replies":[{"embeddable":true,"href":"https:\/\/www.checkcashingplus.com\/es\/wp-json\/wp\/v2\/comments?post=43"}],"version-history":[{"count":0,"href":"https:\/\/www.checkcashingplus.com\/es\/wp-json\/wp\/v2\/pages\/43\/revisions"}],"wp:attachment":[{"href":"https:\/\/www.checkcashingplus.com\/es\/wp-json\/wp\/v2\/media?parent=43"}],"curies":[{"name":"wp","href":"https:\/\/api.w.org\/{rel}","templated":true}]}}