{"id":5,"date":"2017-04-03T19:36:18","date_gmt":"2017-04-03T19:36:18","guid":{"rendered":"https:\/\/www.checkcashingplus.com\/contact-us\/"},"modified":"2020-04-18T17:12:43","modified_gmt":"2020-04-18T17:12:43","slug":"contact-us","status":"publish","type":"page","link":"https:\/\/www.checkcashingplus.com\/es\/contact-us","title":{"rendered":"Contactos"},"content":{"rendered":"<!--Seccion de Contactos Espa\u00f1ol-->\r\n<div class=\"contenedor-contacto\">\r\n<div class=\"row column text-center\"><a class=\"button large\" href=\"#contac-us\">Cont\u00e1ctanos hoy<\/a> <a class=\"button large hollow\" href=\"mailto:checkplusnj@gmail.com\">Cont\u00e1ctanos v\u00eda email <\/a><\/div>\r\n<!-- Google Map -->\r\n<div class=\"row column mapa-section\">\r\n<div class=\"large-8 columns\">\r\n<div id=\"map\" style=\"width: 100%; height: 455px;\"><\/div>\r\n<\/div>\r\n<div class=\"large-4 columns address\">\r\n<h3>Nuestras Direcciones<\/h3>\r\n<span class=\"steps-map\">Haga click en una direcci\u00f3n para verla en el mapa.<\/span>\r\n\r\n<hr \/>\r\n\r\n\r\n<p><i class=\"fi-marker size-24\"><\/i><a href=\"#\">4820 Bergenline Ave., Union City, NJ 07087<\/a><br>\r\n<i class=\"fi-telephone size-24\"><\/i><span class=\"telephone\"> 201-558-9009<\/span><br>\r\nMODAY &#8211; THURDAY 9:00 A.M. &#8211; 7:00 P.M.<br>\r\nFRIDAY 9:00 A.M. &#8211; 8:00 P.M.<br>\r\nSATURDAY 9:00 A.M .- 6:00 P.M.<br>\r\nSUNDAY 12:00 P.M. &#8211; 4:00 P.M.<br>\r\nNOTE: Western Union closes 15 minutes before closing time.\r\n<\/p>\r\n\r\n<p><i class=\"fi-marker size-24\"><\/i><a href=\"#\">2522 Bergenline Ave., Union City, NJ 07087<\/a><br>\r\n<i class=\"fi-telephone size-24\"><\/i><span class=\"telephone\"> 201-223-5550<\/span><br>\r\nMODAY &#8211; THURDAY 9:00 A.M. &#8211; 7:00 P.M.<br>\r\nFRIDAY 9:00 A.M. &#8211; 8:00 P.M.<br>\r\nSATURDAY 9:00 A.M. &#8211; 6:00 P.M.<br>\r\nNOTE: Western Union closes 15 minutes before closing time.\r\n<p>\r\n\r\n<\/div>\r\n<\/div>\r\n<div class=\"row column\"><!-- The form below requires a jetpack connection to work-->\r\n<span id=\"contac-us\"><\/span>\r\n<div class=\"large-6 columns\">\r\n<h3>Forma de Contacto<\/h3>\r\n\r\n<hr \/>\r\n\r\n\n<div class=\"wpcf7 no-js\" id=\"wpcf7-f450-o2\" lang=\"en-US\" dir=\"ltr\" data-wpcf7-id=\"450\">\n<div class=\"screen-reader-response\"><p role=\"status\" aria-live=\"polite\" aria-atomic=\"true\"><\/p> <ul><\/ul><\/div>\n<form action=\"\/es\/wp-json\/wp\/v2\/pages\/5#wpcf7-f450-o2\" method=\"post\" class=\"wpcf7-form init\" aria-label=\"Contact form\" novalidate=\"novalidate\" data-status=\"init\">\n<div style=\"display: none;\">\n<input type=\"hidden\" name=\"_wpcf7\" value=\"450\" \/>\n<input type=\"hidden\" name=\"_wpcf7_version\" value=\"6.0.6\" \/>\n<input type=\"hidden\" name=\"_wpcf7_locale\" value=\"en_US\" \/>\n<input type=\"hidden\" name=\"_wpcf7_unit_tag\" value=\"wpcf7-f450-o2\" \/>\n<input type=\"hidden\" name=\"_wpcf7_container_post\" value=\"0\" \/>\n<input type=\"hidden\" name=\"_wpcf7_posted_data_hash\" value=\"\" \/>\n<\/div>\n<p><label> Nombre (requerido)<br \/>\n<span class=\"wpcf7-form-control-wrap\" data-name=\"your-name\"><input size=\"40\" maxlength=\"400\" class=\"wpcf7-form-control wpcf7-text wpcf7-validates-as-required\" aria-required=\"true\" aria-invalid=\"false\" value=\"\" type=\"text\" name=\"your-name\" \/><\/span> <\/label>\n<\/p>\n<p><label> Correo (requerido)<br \/>\n<span class=\"wpcf7-form-control-wrap\" data-name=\"your-email\"><input size=\"40\" maxlength=\"400\" class=\"wpcf7-form-control wpcf7-email wpcf7-validates-as-required wpcf7-text wpcf7-validates-as-email\" aria-required=\"true\" aria-invalid=\"false\" value=\"\" type=\"email\" name=\"your-email\" \/><\/span> <\/label>\n<\/p>\n<p><label> Asunto<br \/>\n<span class=\"wpcf7-form-control-wrap\" data-name=\"your-subject\"><input size=\"40\" maxlength=\"400\" class=\"wpcf7-form-control wpcf7-text\" aria-invalid=\"false\" value=\"\" type=\"text\" name=\"your-subject\" \/><\/span> <\/label>\n<\/p>\n<p><label> Mensaje<br \/>\n<span class=\"wpcf7-form-control-wrap\" data-name=\"your-message\"><textarea cols=\"40\" rows=\"10\" maxlength=\"2000\" class=\"wpcf7-form-control wpcf7-textarea\" aria-invalid=\"false\" name=\"your-message\"><\/textarea><\/span> <\/label>\n<\/p>\n<p><input class=\"wpcf7-form-control wpcf7-submit has-spinner\" type=\"submit\" value=\"Send\" \/>\n<\/p><div class=\"wpcf7-response-output\" aria-hidden=\"true\"><\/div>\n<\/form>\n<\/div>\n\r\n\r\n<\/div>\r\n<div class=\"large-6 columns\">\r\n<div class=\"panel\">\r\n<h3>Acerca de Nosotros<\/h3>\r\n\r\n<hr class=\"linea-subtitle\" \/>\r\n<p class=\"subheader\">Check Cashing Plus opera tiendas de servicios financieros en New Jersey. Nuestros clientes son lo m\u00e1s importante para nosotros, por lo que tenemos un est\u00e1ndar alto de servicio al cliente, conveniencia y calidad de productos financieros y servicios.<\/p>\r\n\r\n<\/div>\r\n<div class=\"panel\">\r\n<h3>Nuestra Misi\u00f3n<\/h3>\r\n\r\n<hr class=\"linea-subtitle\" \/>\r\n<p class=\"subheader\">Nuestro gol es proveer a nuestra comunidad con un servicio financiero de valor \u00f3ptimo. Estamos enfocados en el cliente y en lo innovativo; funcionando como un equipo, apuntando a la excelencia y comport\u00e1ndonos con m\u00e1xima integridad.<\/p>\r\n\r\n<\/div>\r\n<\/div>\r\n<\/div>\r\n<\/div>\r\n<!-- .\/End Contact US -->","protected":false},"excerpt":{"rendered":"Cont\u00e1ctanos hoy Cont\u00e1ctanos v\u00eda email Nuestras Direcciones Haga click en una direcci\u00f3n para verla en el mapa. 4820 Bergenline Ave., Union City, NJ 07087 201-558-9009 MODAY &#8211; THURDAY 9:00 A.M. &#8211; 7:00 P.M. FRIDAY 9:00 A.M. &#8211; 8:00 P.M. SATURDAY 9:00 A.M .- 6:00 P.M. SUNDAY 12:00 P.M. &#8211; 4:00 P.M. NOTE: Western Union closes &hellip; <p class=\"link-more\"><a href=\"https:\/\/www.checkcashingplus.com\/es\/contact-us\" class=\"more-link\">Continue reading<span class=\"screen-reader-text\"> \u00abContactos\u00bb<\/span><\/a><\/p>","protected":false},"author":1,"featured_media":0,"parent":0,"menu_order":0,"comment_status":"closed","ping_status":"closed","template":"","meta":{"footnotes":""},"class_list":["post-5","page","type-page","status-publish","hentry"],"yoast_head":"<!-- This site is optimized with the Yoast SEO plugin v26.9 - https:\/\/yoast.com\/product\/yoast-seo-wordpress\/ -->\n<title>Contactos - Check Cashing Plus<\/title>\n<meta name=\"description\" content=\"Check Cashing Plus operates retail financial services stores in New Jersey. We put our customers first and have set high standards for customer service...\" \/>\n<meta name=\"robots\" content=\"index, follow, max-snippet:-1, max-image-preview:large, max-video-preview:-1\" \/>\n<link rel=\"canonical\" href=\"https:\/\/www.checkcashingplus.com\/contact-us\" \/>\n<meta property=\"og:locale\" content=\"es_ES\" \/>\n<meta property=\"og:type\" content=\"article\" \/>\n<meta property=\"og:title\" content=\"Contactos - Check Cashing Plus\" \/>\n<meta property=\"og:description\" content=\"Check Cashing Plus operates retail financial services stores in New Jersey. We put our customers first and have set high standards for customer service...\" \/>\n<meta property=\"og:url\" content=\"https:\/\/www.checkcashingplus.com\/contact-us\" \/>\n<meta property=\"og:site_name\" content=\"Check Cashing Plus\" \/>\n<meta property=\"article:modified_time\" content=\"2020-04-18T17:12:43+00:00\" \/>\n<meta name=\"twitter:card\" content=\"summary_large_image\" \/>\n<meta name=\"twitter:label1\" content=\"Tiempo de lectura\" \/>\n\t<meta name=\"twitter:data1\" content=\"2 minutos\" \/>\n<script type=\"application\/ld+json\" class=\"yoast-schema-graph\">{\"@context\":\"https:\/\/schema.org\",\"@graph\":[{\"@type\":\"WebPage\",\"@id\":\"https:\/\/www.checkcashingplus.com\/contact-us\",\"url\":\"https:\/\/www.checkcashingplus.com\/contact-us\",\"name\":\"Contactos - Check Cashing Plus\",\"isPartOf\":{\"@id\":\"https:\/\/www.checkcashingplus.com\/#website\"},\"datePublished\":\"2017-04-03T19:36:18+00:00\",\"dateModified\":\"2020-04-18T17:12:43+00:00\",\"description\":\"Check Cashing Plus operates retail financial services stores in New Jersey. We put our customers first and have set high standards for customer service...\",\"breadcrumb\":{\"@id\":\"https:\/\/www.checkcashingplus.com\/contact-us#breadcrumb\"},\"inLanguage\":\"es\",\"potentialAction\":[{\"@type\":\"ReadAction\",\"target\":[\"https:\/\/www.checkcashingplus.com\/contact-us\"]}]},{\"@type\":\"BreadcrumbList\",\"@id\":\"https:\/\/www.checkcashingplus.com\/contact-us#breadcrumb\",\"itemListElement\":[{\"@type\":\"ListItem\",\"position\":1,\"name\":\"Home\",\"item\":\"https:\/\/www.checkcashingplus.com\/\"},{\"@type\":\"ListItem\",\"position\":2,\"name\":\"Contact Us\"}]},{\"@type\":\"WebSite\",\"@id\":\"https:\/\/www.checkcashingplus.com\/#website\",\"url\":\"https:\/\/www.checkcashingplus.com\/\",\"name\":\"Check Cashing Plus\",\"description\":\"Western Union - Money Orders - Carga\",\"potentialAction\":[{\"@type\":\"SearchAction\",\"target\":{\"@type\":\"EntryPoint\",\"urlTemplate\":\"https:\/\/www.checkcashingplus.com\/?s={search_term_string}\"},\"query-input\":{\"@type\":\"PropertyValueSpecification\",\"valueRequired\":true,\"valueName\":\"search_term_string\"}}],\"inLanguage\":\"es\"}]}<\/script>\n<!-- \/ Yoast SEO plugin. -->","yoast_head_json":{"title":"Contactos - Check Cashing Plus","description":"Check Cashing Plus operates retail financial services stores in New Jersey. We put our customers first and have set high standards for customer service...","robots":{"index":"index","follow":"follow","max-snippet":"max-snippet:-1","max-image-preview":"max-image-preview:large","max-video-preview":"max-video-preview:-1"},"canonical":"https:\/\/www.checkcashingplus.com\/contact-us","og_locale":"es_ES","og_type":"article","og_title":"Contactos - Check Cashing Plus","og_description":"Check Cashing Plus operates retail financial services stores in New Jersey. We put our customers first and have set high standards for customer service...","og_url":"https:\/\/www.checkcashingplus.com\/contact-us","og_site_name":"Check Cashing Plus","article_modified_time":"2020-04-18T17:12:43+00:00","twitter_card":"summary_large_image","twitter_misc":{"Tiempo de lectura":"2 minutos"},"schema":{"@context":"https:\/\/schema.org","@graph":[{"@type":"WebPage","@id":"https:\/\/www.checkcashingplus.com\/contact-us","url":"https:\/\/www.checkcashingplus.com\/contact-us","name":"Contactos - Check Cashing Plus","isPartOf":{"@id":"https:\/\/www.checkcashingplus.com\/#website"},"datePublished":"2017-04-03T19:36:18+00:00","dateModified":"2020-04-18T17:12:43+00:00","description":"Check Cashing Plus operates retail financial services stores in New Jersey. We put our customers first and have set high standards for customer service...","breadcrumb":{"@id":"https:\/\/www.checkcashingplus.com\/contact-us#breadcrumb"},"inLanguage":"es","potentialAction":[{"@type":"ReadAction","target":["https:\/\/www.checkcashingplus.com\/contact-us"]}]},{"@type":"BreadcrumbList","@id":"https:\/\/www.checkcashingplus.com\/contact-us#breadcrumb","itemListElement":[{"@type":"ListItem","position":1,"name":"Home","item":"https:\/\/www.checkcashingplus.com\/"},{"@type":"ListItem","position":2,"name":"Contact Us"}]},{"@type":"WebSite","@id":"https:\/\/www.checkcashingplus.com\/#website","url":"https:\/\/www.checkcashingplus.com\/","name":"Check Cashing Plus","description":"Western Union - Money Orders - Carga","potentialAction":[{"@type":"SearchAction","target":{"@type":"EntryPoint","urlTemplate":"https:\/\/www.checkcashingplus.com\/?s={search_term_string}"},"query-input":{"@type":"PropertyValueSpecification","valueRequired":true,"valueName":"search_term_string"}}],"inLanguage":"es"}]}},"jetpack_sharing_enabled":false,"jetpack_shortlink":"https:\/\/wp.me\/P8A7Ls-5","_links":{"self":[{"href":"https:\/\/www.checkcashingplus.com\/es\/wp-json\/wp\/v2\/pages\/5","targetHints":{"allow":["GET"]}}],"collection":[{"href":"https:\/\/www.checkcashingplus.com\/es\/wp-json\/wp\/v2\/pages"}],"about":[{"href":"https:\/\/www.checkcashingplus.com\/es\/wp-json\/wp\/v2\/types\/page"}],"author":[{"embeddable":true,"href":"https:\/\/www.checkcashingplus.com\/es\/wp-json\/wp\/v2\/users\/1"}],"replies":[{"embeddable":true,"href":"https:\/\/www.checkcashingplus.com\/es\/wp-json\/wp\/v2\/comments?post=5"}],"version-history":[{"count":0,"href":"https:\/\/www.checkcashingplus.com\/es\/wp-json\/wp\/v2\/pages\/5\/revisions"}],"wp:attachment":[{"href":"https:\/\/www.checkcashingplus.com\/es\/wp-json\/wp\/v2\/media?parent=5"}],"curies":[{"name":"wp","href":"https:\/\/api.w.org\/{rel}","templated":true}]}}